{"id":37,"date":"2024-05-10T20:08:35","date_gmt":"2024-05-10T18:08:35","guid":{"rendered":"http:\/\/xxksean.cluster029.hosting.ovh.net\/?page_id=37"},"modified":"2025-12-19T14:20:43","modified_gmt":"2025-12-19T13:20:43","slug":"psychologische-beratung","status":"publish","type":"page","link":"https:\/\/psychologie-talens.de\/en\/psychologische-beratung\/","title":{"rendered":"Psychological counselling Munich"},"content":{"rendered":"<p><strong><em>Counselling in English and German<\/em><\/strong><\/p>\n\n\n\n<section id=\"wp-block-themeisle-blocks-advanced-columns-335a2f03\" class=\"wp-block-themeisle-blocks-advanced-columns alignfull has-1-columns has-desktop-equal-layout has-tablet-equal-layout has-mobile-equal-layout has-vertical-flex-start\"><div class=\"wp-block-themeisle-blocks-advanced-columns-overlay\"><\/div><div class=\"innerblocks-wrap\">\n<div id=\"wp-block-themeisle-blocks-advanced-column-5d90343f\" class=\"wp-block-themeisle-blocks-advanced-column\">\n<section id=\"wp-block-themeisle-blocks-advanced-columns-b2ead1d6\" class=\"wp-block-themeisle-blocks-advanced-columns has-2-columns has-desktop-equal-layout has-tablet-equal-layout has-mobile-collapsedRows-layout has-vertical-center\"><div class=\"wp-block-themeisle-blocks-advanced-columns-overlay\"><\/div><div class=\"innerblocks-wrap\">\n<div id=\"wp-block-themeisle-blocks-advanced-column-7c705a1c\" class=\"wp-block-themeisle-blocks-advanced-column\">\n<h3 class=\"wp-block-heading\">Wenn Psychotherapie &#8222;zu viel des Guten&#8220; ist&#8230;<\/h3>\n\n\n\n<p>My services are aimed at people who find themselves in a stressful situation or are confronted with a problem. It is not important whether your problem is \u2018big enough\u2019 to seek help. Only your subjective level of suffering counts for the joint co-operation. Dealing with negative feelings and initiating change requires strength and courage. I would like to support you in finding ways and solutions to make you feel better.<br>Ich berate Sie aufgrund von psychologischen Erkenntnissen zur Entstehung und Aufrechterhaltung psychischer Probleme und ung\u00fcnstigem Verhalten und Denkmustern. Dabei arbeite ich stets wissenschaftlich fundiert.<br>Die L\u00f6sung f\u00fcr Ihre Problemstellung liegt schon in Ihnen. Ich m\u00f6chte Sie dabei unterst\u00fctzen, Ihre Ressourcen zu aktivieren und konkrete Schritte zu finden, um Ihre Situation zu verbessern. Dabei werde ich Ihnen keine fertigen L\u00f6sungen pr\u00e4sentieren, sondern Ihnen Wege zeigen, sich selbst zu st\u00e4rken und zu helfen. Nur dadurch ist die Beratung auch nachhaltig und von Ihnen in den Alltag umsetzbar.<br>Die Beratung k\u00f6nnen wir in meiner Praxis in der Emil-Dittler-Stra\u00dfe 6 in M\u00fcnchen Solln durchf\u00fchren oder auch online.<\/p>\n\n\n\n<details class=\"wp-block-details is-layout-flow wp-block-details-is-layout-flow\"><summary><strong>Exhaustion &amp; stress<\/strong><\/summary>\n<p>Increasing demands and tasks at work, at university or in our personal lives can put us under ever-increasing stress. This stress and the associated exhaustion not only have a negative impact on our emotions, but can also lead to serious health problems such as cardiovascular disease (e.g. high blood pressure, heart attack) or burnout.&nbsp;<\/p>\n\n\n\n<p>Together we can find ways in which you can better deal with stress or avoid it. We do this by analysing together which sources cause stress, which resources you can use to cope with stress and which exercises help to reduce stress.&nbsp;<\/p>\n<\/details>\n\n\n\n<details class=\"wp-block-details is-layout-flow wp-block-details-is-layout-flow\"><summary><strong>Problems in the relationship \/ interpersonal problems<\/strong><\/summary>\n<p>Arguing is part of every relationship and friendship and can serve the positive development of the relationship. However, if the conflicts become regular and very hurtful, then it is important to change something. But it doesn't always have to be arguments. A lack of communication, frequent misunderstandings, the feeling of not being valued or not being able to build a long-term bond are all examples of problems in an interpersonal context. Together we will get to the bottom of your problems and try to understand what causes them. Then I would like to help you to develop your interpersonal skills, whether it is better communication, a stronger demeanour or standing up for your own needs.<\/p>\n<\/details>\n\n\n\n<details class=\"wp-block-details is-layout-flow wp-block-details-is-layout-flow\"><summary><strong>Anxieties \/ worries<\/strong><\/summary>\n<p>Fears and worries are a normal part of our emotions. However, they can get out of hand and interfere with our everyday lives. Excessive fears often turn out to be unfounded, but we still can't get rid of them. If your thoughts are frequently revolving, you spend a lot of time brooding and are pessimistic about the future, then let's talk. Together we can put your fears in their place and help you to live a carefree life.&nbsp;<\/p>\n<\/details>\n\n\n\n<details class=\"wp-block-details is-layout-flow wp-block-details-is-layout-flow\"><summary><strong>Change processes<\/strong><\/summary>\n<p>Change requires a lot of courage and may also be accompanied by worries and fears. You may not yet know exactly what the change should look like, but you know that SOMETHING has to change. Often, fear of the consequences of change also prevents us from initiating change. No matter what stage you are at in the change process, I will be happy to help you reorient your life. I would like to be your sparring partner who supports you at this important point in your life.<\/p>\n<\/details>\n\n\n\n<details class=\"wp-block-details is-layout-flow wp-block-details-is-layout-flow\"><summary><strong>Personal development<\/strong><\/summary>\n<p>Do you know the feeling of making the same mistakes over and over again? Sometimes we are stuck in a corset of habits, fixed behaviour and thought patterns. In order to break through these patterns, you need to analyse and train new patterns. I would like to help you with this during our sessions so that you can integrate this into your everyday life in the long term.<\/p>\n<\/details>\n\n\n\n<p><\/p>\n\n\n\n<div class=\"wp-block-buttons is-layout-flex wp-block-buttons-is-layout-flex\">\n<div class=\"wp-block-button is-style-primary\"><a class=\"wp-block-button__link wp-element-button\">Arrange a free initial consultation<\/a><\/div>\n<\/div>\n<\/div>\n\n\n\n<div id=\"wp-block-themeisle-blocks-advanced-column-5f9a9ec0\" class=\"wp-block-themeisle-blocks-advanced-column\">\n<figure class=\"wp-block-gallery has-nested-images columns-default is-cropped wp-block-gallery-1 is-layout-flex wp-block-gallery-is-layout-flex\">\n<figure class=\"wp-block-image size-full\"><img data-opt-id=1277419425  fetchpriority=\"high\" decoding=\"async\" width=\"2048\" height=\"2560\" data-id=\"699\" src=\"https:\/\/mlf7ff3lpvrg.i.optimole.com\/w:auto\/h:auto\/q:mauto\/ig:avif\/https:\/\/psychologie-talens.de\/wp-content\/uploads\/2025\/03\/han-chenxu-YdAqiUkUoWA-unsplash-min-1-scaled.jpg\" alt=\"\" class=\"wp-image-699\" srcset=\"https:\/\/mlf7ff3lpvrg.i.optimole.com\/w:864\/h:1080\/q:mauto\/ig:avif\/https:\/\/psychologie-talens.de\/wp-content\/uploads\/2025\/03\/han-chenxu-YdAqiUkUoWA-unsplash-min-1-scaled.jpg 2048w, https:\/\/mlf7ff3lpvrg.i.optimole.com\/w:240\/h:300\/q:mauto\/ig:avif\/https:\/\/psychologie-talens.de\/wp-content\/uploads\/2025\/03\/han-chenxu-YdAqiUkUoWA-unsplash-min-1-scaled.jpg 240w\" sizes=\"(max-width: 1200px) 100vw, 1200px\" \/><\/figure>\n<\/figure>\n<\/div>\n<\/div><\/section>\n<\/div>\n<\/div><\/section>","protected":false},"excerpt":{"rendered":"<p>Counselling in English and German<\/p>","protected":false},"author":1,"featured_media":0,"parent":0,"menu_order":0,"comment_status":"closed","ping_status":"closed","template":"","meta":{"neve_meta_sidebar":"","neve_meta_container":"","neve_meta_enable_content_width":"","neve_meta_content_width":0,"neve_meta_title_alignment":"","neve_meta_author_avatar":"","neve_post_elements_order":"","neve_meta_disable_header":"","neve_meta_disable_footer":"","neve_meta_disable_title":"","_price":"","_stock":"","_tribe_ticket_header":"","_tribe_default_ticket_provider":"","_tribe_ticket_capacity":"0","_ticket_start_date":"","_ticket_end_date":"","_tribe_ticket_show_description":"","_tribe_ticket_show_not_going":false,"_tribe_ticket_use_global_stock":"","_tribe_ticket_global_stock_level":"","_global_stock_mode":"","_global_stock_cap":"","_tribe_rsvp_for_event":"","_tribe_ticket_going_count":"","_tribe_ticket_not_going_count":"","_tribe_tickets_list":"[]","_tribe_ticket_has_attendee_info_fields":false,"_themeisle_gutenberg_block_has_review":false,"footnotes":"","_tec_slr_enabled":"","_tec_slr_layout":""},"class_list":["post-37","page","type-page","status-publish","hentry"],"yoast_head":"<!-- This site is optimized with the Yoast SEO plugin v27.3 - https:\/\/yoast.com\/product\/yoast-seo-wordpress\/ -->\n<title>Psychologische Beratung M\u00fcnchen \u2013 Klarheit &amp; Orientierung<\/title>\n<meta name=\"description\" content=\"Psychologische Beratung in M\u00fcnchen bei Lebenskrisen, Entscheidungsfragen und Stress. Professionell, empathisch und l\u00f6sungsorientiert.\" \/>\n<meta name=\"robots\" content=\"index, follow, max-snippet:-1, max-image-preview:large, max-video-preview:-1\" \/>\n<link rel=\"canonical\" href=\"https:\/\/psychologie-talens.de\/en\/psychologische-beratung\/\" \/>\n<meta property=\"og:locale\" content=\"en_GB\" \/>\n<meta property=\"og:type\" content=\"article\" \/>\n<meta property=\"og:title\" content=\"Psychologische Beratung M\u00fcnchen \u2013 Klarheit &amp; Orientierung\" \/>\n<meta property=\"og:description\" content=\"Psychologische Beratung in M\u00fcnchen bei Lebenskrisen, Entscheidungsfragen und Stress. Professionell, empathisch und l\u00f6sungsorientiert.\" \/>\n<meta property=\"og:url\" content=\"https:\/\/psychologie-talens.de\/en\/psychologische-beratung\/\" \/>\n<meta property=\"og:site_name\" content=\"Psychologie\" \/>\n<meta property=\"article:modified_time\" content=\"2025-12-19T13:20:43+00:00\" \/>\n<meta property=\"og:image\" content=\"https:\/\/mlf7ff3lpvrg.i.optimole.com\/w:auto\/h:auto\/q:mauto\/ig:avif\/https:\/\/psychologie-talens.de\/wp-content\/uploads\/2025\/03\/han-chenxu-YdAqiUkUoWA-unsplash-min-1-scaled.jpg\" \/>\n\t<meta property=\"og:image:width\" content=\"2048\" \/>\n\t<meta property=\"og:image:height\" content=\"2560\" \/>\n\t<meta property=\"og:image:type\" content=\"image\/jpeg\" \/>\n<meta name=\"twitter:card\" content=\"summary_large_image\" \/>\n<meta name=\"twitter:label1\" content=\"Estimated reading time\" \/>\n\t<meta name=\"twitter:data1\" content=\"4 minutes\" \/>\n<script type=\"application\/ld+json\" class=\"yoast-schema-graph\">{\"@context\":\"https:\\\/\\\/schema.org\",\"@graph\":[{\"@type\":\"WebPage\",\"@id\":\"https:\\\/\\\/psychologie-talens.de\\\/psychologische-beratung\\\/\",\"url\":\"https:\\\/\\\/psychologie-talens.de\\\/psychologische-beratung\\\/\",\"name\":\"Psychologische Beratung M\u00fcnchen \u2013 Klarheit & Orientierung\",\"isPartOf\":{\"@id\":\"https:\\\/\\\/psychologie-talens.de\\\/#website\"},\"primaryImageOfPage\":{\"@id\":\"https:\\\/\\\/psychologie-talens.de\\\/psychologische-beratung\\\/#primaryimage\"},\"image\":{\"@id\":\"https:\\\/\\\/psychologie-talens.de\\\/psychologische-beratung\\\/#primaryimage\"},\"thumbnailUrl\":\"https:\\/\\/psychologie-talens.de\\/wp-content\\/uploads\\/2025\\/03\\/han-chenxu-YdAqiUkUoWA-unsplash-min-1-scaled.jpg\",\"datePublished\":\"2024-05-10T18:08:35+00:00\",\"dateModified\":\"2025-12-19T13:20:43+00:00\",\"description\":\"Psychologische Beratung in M\u00fcnchen bei Lebenskrisen, Entscheidungsfragen und Stress. Professionell, empathisch und l\u00f6sungsorientiert.\",\"breadcrumb\":{\"@id\":\"https:\\\/\\\/psychologie-talens.de\\\/psychologische-beratung\\\/#breadcrumb\"},\"inLanguage\":\"en-GB\",\"potentialAction\":[{\"@type\":\"ReadAction\",\"target\":[\"https:\\\/\\\/psychologie-talens.de\\\/psychologische-beratung\\\/\"]}]},{\"@type\":\"ImageObject\",\"inLanguage\":\"en-GB\",\"@id\":\"https:\\\/\\\/psychologie-talens.de\\\/psychologische-beratung\\\/#primaryimage\",\"url\":\"https:\\/\\/psychologie-talens.de\\/wp-content\\/uploads\\/2025\\/03\\/han-chenxu-YdAqiUkUoWA-unsplash-min-1-scaled.jpg\",\"contentUrl\":\"https:\\/\\/psychologie-talens.de\\/wp-content\\/uploads\\/2025\\/03\\/han-chenxu-YdAqiUkUoWA-unsplash-min-1-scaled.jpg\"},{\"@type\":\"BreadcrumbList\",\"@id\":\"https:\\\/\\\/psychologie-talens.de\\\/psychologische-beratung\\\/#breadcrumb\",\"itemListElement\":[{\"@type\":\"ListItem\",\"position\":1,\"name\":\"Home\",\"item\":\"https:\\\/\\\/psychologie-talens.de\\\/\"},{\"@type\":\"ListItem\",\"position\":2,\"name\":\"Psychologische Beratung M\u00fcnchen\"}]},{\"@type\":\"WebSite\",\"@id\":\"https:\\\/\\\/psychologie-talens.de\\\/#website\",\"url\":\"https:\\\/\\\/psychologie-talens.de\\\/\",\"name\":\"https:\\\/\\\/psychologie-talens.de\\\/\",\"description\":\"Individuelle Psychologische Beratung\",\"publisher\":{\"@id\":\"https:\\\/\\\/psychologie-talens.de\\\/#organization\"},\"potentialAction\":[{\"@type\":\"SearchAction\",\"target\":{\"@type\":\"EntryPoint\",\"urlTemplate\":\"https:\\\/\\\/psychologie-talens.de\\\/?s={search_term_string}\"},\"query-input\":{\"@type\":\"PropertyValueSpecification\",\"valueRequired\":true,\"valueName\":\"search_term_string\"}}],\"inLanguage\":\"en-GB\"},{\"@type\":\"Organization\",\"@id\":\"https:\\\/\\\/psychologie-talens.de\\\/#organization\",\"name\":\"Kimberly Talens - Psychologin\",\"alternateName\":\"Kimberly Talens\",\"url\":\"https:\\\/\\\/psychologie-talens.de\\\/\",\"logo\":{\"@type\":\"ImageObject\",\"inLanguage\":\"en-GB\",\"@id\":\"https:\\\/\\\/psychologie-talens.de\\\/#\\\/schema\\\/logo\\\/image\\\/\",\"url\":\"https:\\/\\/psychologie-talens.de\\/wp-content\\/uploads\\/2024\\/05\\/cropped-Schwarz-Grau-Modern-Elegant-Typografie-Initialen-Coach-Logo-1.png\",\"contentUrl\":\"https:\\/\\/psychologie-talens.de\\/wp-content\\/uploads\\/2024\\/05\\/cropped-Schwarz-Grau-Modern-Elegant-Typografie-Initialen-Coach-Logo-1.png\",\"width\":200,\"height\":176,\"caption\":\"Kimberly Talens - Psychologin\"},\"image\":{\"@id\":\"https:\\\/\\\/psychologie-talens.de\\\/#\\\/schema\\\/logo\\\/image\\\/\"}}]}<\/script>\n<!-- \/ Yoast SEO plugin. -->","yoast_head_json":{"title":"Psychologische Beratung M\u00fcnchen \u2013 Klarheit & Orientierung","description":"Psychologische Beratung in M\u00fcnchen bei Lebenskrisen, Entscheidungsfragen und Stress. Professionell, empathisch und l\u00f6sungsorientiert.","robots":{"index":"index","follow":"follow","max-snippet":"max-snippet:-1","max-image-preview":"max-image-preview:large","max-video-preview":"max-video-preview:-1"},"canonical":"https:\/\/psychologie-talens.de\/en\/psychologische-beratung\/","og_locale":"en_GB","og_type":"article","og_title":"Psychologische Beratung M\u00fcnchen \u2013 Klarheit & Orientierung","og_description":"Psychologische Beratung in M\u00fcnchen bei Lebenskrisen, Entscheidungsfragen und Stress. Professionell, empathisch und l\u00f6sungsorientiert.","og_url":"https:\/\/psychologie-talens.de\/en\/psychologische-beratung\/","og_site_name":"Psychologie","article_modified_time":"2025-12-19T13:20:43+00:00","og_image":[{"width":2048,"height":2560,"url":"https:\/\/mlf7ff3lpvrg.i.optimole.com\/w:auto\/h:auto\/q:mauto\/ig:avif\/https:\/\/psychologie-talens.de\/wp-content\/uploads\/2025\/03\/han-chenxu-YdAqiUkUoWA-unsplash-min-1-scaled.jpg","type":"image\/jpeg"}],"twitter_card":"summary_large_image","twitter_misc":{"Estimated reading time":"4 minutes"},"schema":{"@context":"https:\/\/schema.org","@graph":[{"@type":"WebPage","@id":"https:\/\/psychologie-talens.de\/psychologische-beratung\/","url":"https:\/\/psychologie-talens.de\/psychologische-beratung\/","name":"Psychologische Beratung M\u00fcnchen \u2013 Klarheit & Orientierung","isPartOf":{"@id":"https:\/\/psychologie-talens.de\/#website"},"primaryImageOfPage":{"@id":"https:\/\/psychologie-talens.de\/psychologische-beratung\/#primaryimage"},"image":{"@id":"https:\/\/psychologie-talens.de\/psychologische-beratung\/#primaryimage"},"thumbnailUrl":"https:\/\/mlf7ff3lpvrg.i.optimole.com\/w:auto\/h:auto\/q:mauto\/ig:avif\/https:\/\/psychologie-talens.de\/wp-content\/uploads\/2025\/03\/han-chenxu-YdAqiUkUoWA-unsplash-min-1-scaled.jpg","datePublished":"2024-05-10T18:08:35+00:00","dateModified":"2025-12-19T13:20:43+00:00","description":"Psychologische Beratung in M\u00fcnchen bei Lebenskrisen, Entscheidungsfragen und Stress. Professionell, empathisch und l\u00f6sungsorientiert.","breadcrumb":{"@id":"https:\/\/psychologie-talens.de\/psychologische-beratung\/#breadcrumb"},"inLanguage":"en-GB","potentialAction":[{"@type":"ReadAction","target":["https:\/\/psychologie-talens.de\/psychologische-beratung\/"]}]},{"@type":"ImageObject","inLanguage":"en-GB","@id":"https:\/\/psychologie-talens.de\/psychologische-beratung\/#primaryimage","url":"https:\/\/mlf7ff3lpvrg.i.optimole.com\/w:auto\/h:auto\/q:mauto\/ig:avif\/https:\/\/psychologie-talens.de\/wp-content\/uploads\/2025\/03\/han-chenxu-YdAqiUkUoWA-unsplash-min-1-scaled.jpg","contentUrl":"https:\/\/mlf7ff3lpvrg.i.optimole.com\/w:auto\/h:auto\/q:mauto\/ig:avif\/https:\/\/psychologie-talens.de\/wp-content\/uploads\/2025\/03\/han-chenxu-YdAqiUkUoWA-unsplash-min-1-scaled.jpg"},{"@type":"BreadcrumbList","@id":"https:\/\/psychologie-talens.de\/psychologische-beratung\/#breadcrumb","itemListElement":[{"@type":"ListItem","position":1,"name":"Home","item":"https:\/\/psychologie-talens.de\/"},{"@type":"ListItem","position":2,"name":"Psychologische Beratung M\u00fcnchen"}]},{"@type":"WebSite","@id":"https:\/\/psychologie-talens.de\/#website","url":"https:\/\/psychologie-talens.de\/","name":"https:\/\/psychologie-talens.de\/","description":"Individuelle Psychologische Beratung","publisher":{"@id":"https:\/\/psychologie-talens.de\/#organization"},"potentialAction":[{"@type":"SearchAction","target":{"@type":"EntryPoint","urlTemplate":"https:\/\/psychologie-talens.de\/?s={search_term_string}"},"query-input":{"@type":"PropertyValueSpecification","valueRequired":true,"valueName":"search_term_string"}}],"inLanguage":"en-GB"},{"@type":"Organization","@id":"https:\/\/psychologie-talens.de\/#organization","name":"Kimberly Talens - Psychologin","alternateName":"Kimberly Talens","url":"https:\/\/psychologie-talens.de\/","logo":{"@type":"ImageObject","inLanguage":"en-GB","@id":"https:\/\/psychologie-talens.de\/#\/schema\/logo\/image\/","url":"https:\/\/mlf7ff3lpvrg.i.optimole.com\/w:auto\/h:auto\/q:mauto\/ig:avif\/https:\/\/psychologie-talens.de\/wp-content\/uploads\/2024\/05\/cropped-Schwarz-Grau-Modern-Elegant-Typografie-Initialen-Coach-Logo-1.png","contentUrl":"https:\/\/mlf7ff3lpvrg.i.optimole.com\/w:auto\/h:auto\/q:mauto\/ig:avif\/https:\/\/psychologie-talens.de\/wp-content\/uploads\/2024\/05\/cropped-Schwarz-Grau-Modern-Elegant-Typografie-Initialen-Coach-Logo-1.png","width":200,"height":176,"caption":"Kimberly Talens - Psychologin"},"image":{"@id":"https:\/\/psychologie-talens.de\/#\/schema\/logo\/image\/"}}]}},"jetpack_sharing_enabled":true,"ticketed":false,"_links":{"self":[{"href":"https:\/\/psychologie-talens.de\/en\/wp-json\/wp\/v2\/pages\/37","targetHints":{"allow":["GET"]}}],"collection":[{"href":"https:\/\/psychologie-talens.de\/en\/wp-json\/wp\/v2\/pages"}],"about":[{"href":"https:\/\/psychologie-talens.de\/en\/wp-json\/wp\/v2\/types\/page"}],"author":[{"embeddable":true,"href":"https:\/\/psychologie-talens.de\/en\/wp-json\/wp\/v2\/users\/1"}],"replies":[{"embeddable":true,"href":"https:\/\/psychologie-talens.de\/en\/wp-json\/wp\/v2\/comments?post=37"}],"version-history":[{"count":0,"href":"https:\/\/psychologie-talens.de\/en\/wp-json\/wp\/v2\/pages\/37\/revisions"}],"wp:attachment":[{"href":"https:\/\/psychologie-talens.de\/en\/wp-json\/wp\/v2\/media?parent=37"}],"curies":[{"name":"wp","href":"https:\/\/api.w.org\/{rel}","templated":true}]}}