{"id":43,"date":"2024-05-10T20:10:53","date_gmt":"2024-05-10T18:10:53","guid":{"rendered":"http:\/\/xxksean.cluster029.hosting.ovh.net\/?page_id=43"},"modified":"2026-03-25T07:58:48","modified_gmt":"2026-03-25T06:58:48","slug":"ablauf","status":"publish","type":"page","link":"https:\/\/psychologie-talens.de\/en\/ablauf\/","title":{"rendered":"Procedure"},"content":{"rendered":"<div id=\"wp-block-themeisle-blocks-advanced-columns-a2946a77\" class=\"wp-block-themeisle-blocks-advanced-columns alignfull has-2-columns has-desktop-equal-layout has-tablet-equal-layout has-mobile-collapsedRows-layout has-vertical-unset has-vertical-undefined ticss-a2946a77 has-light-bg\"><div class=\"wp-block-themeisle-blocks-advanced-columns-overlay\"><\/div><div class=\"innerblocks-wrap\">\n<div id=\"wp-block-themeisle-blocks-advanced-column-bbddf55b\" class=\"wp-block-themeisle-blocks-advanced-column\">\n<figure class=\"wp-block-image size-full is-style-default\"><img data-opt-id=73963242  fetchpriority=\"high\" decoding=\"async\" width=\"2048\" height=\"1366\" src=\"https:\/\/mlf7ff3lpvrg.i.optimole.com\/w:auto\/h:auto\/q:mauto\/ig:avif\/https:\/\/psychologie-talens.de\/wp-content\/uploads\/2025\/12\/WhatsApp-Image-2025-12-19-at-13.44.11-2.jpeg\" alt=\"\" class=\"wp-image-823\" srcset=\"https:\/\/mlf7ff3lpvrg.i.optimole.com\/w:1619\/h:1080\/q:mauto\/ig:avif\/https:\/\/psychologie-talens.de\/wp-content\/uploads\/2025\/12\/WhatsApp-Image-2025-12-19-at-13.44.11-2.jpeg 2048w, https:\/\/mlf7ff3lpvrg.i.optimole.com\/w:300\/h:200\/q:mauto\/ig:avif\/https:\/\/psychologie-talens.de\/wp-content\/uploads\/2025\/12\/WhatsApp-Image-2025-12-19-at-13.44.11-2.jpeg 300w, https:\/\/mlf7ff3lpvrg.i.optimole.com\/w:1024\/h:683\/q:mauto\/ig:avif\/https:\/\/psychologie-talens.de\/wp-content\/uploads\/2025\/12\/WhatsApp-Image-2025-12-19-at-13.44.11-2.jpeg 1024w, https:\/\/mlf7ff3lpvrg.i.optimole.com\/w:768\/h:512\/q:mauto\/ig:avif\/https:\/\/psychologie-talens.de\/wp-content\/uploads\/2025\/12\/WhatsApp-Image-2025-12-19-at-13.44.11-2.jpeg 768w, https:\/\/mlf7ff3lpvrg.i.optimole.com\/w:1536\/h:1025\/q:mauto\/ig:avif\/https:\/\/psychologie-talens.de\/wp-content\/uploads\/2025\/12\/WhatsApp-Image-2025-12-19-at-13.44.11-2.jpeg 1536w, https:\/\/mlf7ff3lpvrg.i.optimole.com\/w:18\/h:12\/q:mauto\/ig:avif\/dpr:2\/https:\/\/psychologie-talens.de\/wp-content\/uploads\/2025\/12\/WhatsApp-Image-2025-12-19-at-13.44.11-2.jpeg 18w, https:\/\/mlf7ff3lpvrg.i.optimole.com\/w:930\/h:620\/q:mauto\/ig:avif\/https:\/\/psychologie-talens.de\/wp-content\/uploads\/2025\/12\/WhatsApp-Image-2025-12-19-at-13.44.11-2.jpeg 930w\" sizes=\"(max-width: 1200px) 100vw, 1200px\" \/><\/figure>\n<\/div>\n\n\n\n<div id=\"wp-block-themeisle-blocks-advanced-column-92b2db05\" class=\"wp-block-themeisle-blocks-advanced-column\">\n<p>Die Therapie oder Beratung erfolgt entweder in meiner Praxis in der <strong>Emil-Dittler-Stra\u00dfe 6 in M\u00fcnchen Solln<\/strong>, ortsunabh\u00e4ngig \u00fcber das Telefon oder per Videoanruf. Flexibel k\u00f6nnen wir Termine vereinbaren, sodass sich die Sitzungen ohne gro\u00dfe Barrieren und Hindernisse in Ihren Alltag integrieren lassen.<\/p>\n\n\n\n<p>Kontaktieren Sie mich einfach \u00fcber das Kontaktformular oder per E-Mail. Wir vereinbaren dann zeitnah ein 30-min\u00fctiges vertrauliches <strong>Initial consultation<\/strong>, in dem Sie Ihr Anliegen schildern, wir die Ziele festlegen und ich meine Vorgehensweise erkl\u00e4re. Sie k\u00f6nnen in diesem Gespr\u00e4ch herausfinden, ob Sie sich mit meiner Arbeit wohlf\u00fchlen und weitere Sitzungen buchen m\u00f6chten.<\/p>\n<\/div>\n<\/div><\/div>\n\n\n\n<div class=\"wp-block-group has-nv-site-bg-background-color has-background\"><div class=\"wp-block-group__inner-container is-layout-constrained wp-block-group-is-layout-constrained\">\n<p>Die weiteren Sitzungen dauern dann <strong>50 Minuten<\/strong>. Die Frequenz der Termine und auch die Dauer der Beratung legen wir zusammen fest, ganz so, wie es f\u00fcr Sie richtig und gut ist.&nbsp;<\/p>\n\n\n\n<p>Please note that counselling is not covered by health insurance. I also charge for psychotherapy according to the Geb\u00fcH (scale of fees for alternative practitioners). These costs are usually not covered by statutory health insurance. If you have supplementary insurance or are privately insured, the costs may be covered.<\/p>\n\n\n\n<p>If you would like to book multiple sessions directly, you will receive a <strong>discount <\/strong>on the total price. If you are interested, please write this in your message to me.<\/p>\n<\/div><\/div>\n\n\n\n<section id=\"wp-block-themeisle-blocks-advanced-columns-e0e1ab2e\" class=\"wp-block-themeisle-blocks-advanced-columns alignfull has-4-columns has-desktop-equal-layout has-tablet-equal-layout has-mobile-collapsedRows-layout has-vertical-flex-start ticss-7b5eb70a\"><div class=\"wp-block-themeisle-blocks-advanced-columns-overlay\"><\/div><div class=\"innerblocks-wrap\">\n<div id=\"wp-block-themeisle-blocks-advanced-column-2489d76c\" class=\"wp-block-themeisle-blocks-advanced-column\">\n<h3 id=\"wp-block-themeisle-blocks-advanced-heading-e30ccf77\" class=\"wp-block-themeisle-blocks-advanced-heading wp-block-themeisle-blocks-advanced-heading-e30ccf77\">Initial consultation<\/h3>\n\n\n\n<span id=\"wp-block-themeisle-blocks-advanced-heading-01f7ed6b\" class=\"wp-block-themeisle-blocks-advanced-heading wp-block-themeisle-blocks-advanced-heading-01f7ed6b\"><strong>0 \u20ac<\/strong><\/span>\n\n\n\n<p id=\"wp-block-themeisle-blocks-advanced-heading-fe18de7e\" class=\"wp-block-themeisle-blocks-advanced-heading wp-block-themeisle-blocks-advanced-heading-fe18de7e\"><em><em>30 minutes conversation<\/em><\/em><\/p>\n\n\n\n<div class=\"wp-block-buttons is-vertical is-content-justification-center is-layout-flex wp-container-core-buttons-is-layout-cc3cdef1 wp-block-buttons-is-layout-flex\">\n<div class=\"wp-block-button has-custom-width wp-block-button__width-100 is-style-primary\"><a class=\"wp-block-button__link wp-element-button\" href=\"https:\/\/psychologie-talens.de\/en\/kontakt\/\">Make an appointment<\/a><\/div>\n<\/div>\n<\/div>\n\n\n\n<div id=\"wp-block-themeisle-blocks-advanced-column-991b18b5\" class=\"wp-block-themeisle-blocks-advanced-column\">\n<h3 id=\"wp-block-themeisle-blocks-advanced-heading-6b0710bb\" class=\"wp-block-themeisle-blocks-advanced-heading wp-block-themeisle-blocks-advanced-heading-6b0710bb\">Psych. Beratung<\/h3>\n\n\n\n<span id=\"wp-block-themeisle-blocks-advanced-heading-0076e239\" class=\"wp-block-themeisle-blocks-advanced-heading wp-block-themeisle-blocks-advanced-heading-0076e239\"><strong>100 \u20ac<\/strong>*<\/span>\n\n\n\n<p id=\"wp-block-themeisle-blocks-advanced-heading-36b869e4\" class=\"wp-block-themeisle-blocks-advanced-heading wp-block-themeisle-blocks-advanced-heading-36b869e4\"><em><em>50 minutes conversation<\/em><\/em><\/p>\n\n\n\n<div class=\"wp-block-buttons is-vertical is-content-justification-center is-layout-flex wp-container-core-buttons-is-layout-cc3cdef1 wp-block-buttons-is-layout-flex\">\n<div class=\"wp-block-button has-custom-width wp-block-button__width-100 is-style-primary\"><a class=\"wp-block-button__link wp-element-button\" href=\"https:\/\/psychologie-talens.de\/en\/kontakt\/\">Make an appointment<\/a><\/div>\n<\/div>\n<\/div>\n\n\n\n<div id=\"wp-block-themeisle-blocks-advanced-column-09158d16\" class=\"wp-block-themeisle-blocks-advanced-column ticss-3fe6b647\">\n<h3 id=\"wp-block-themeisle-blocks-advanced-heading-b3766bd8\" class=\"wp-block-themeisle-blocks-advanced-heading wp-block-themeisle-blocks-advanced-heading-b3766bd8\">Psychotherapy<\/h3>\n\n\n\n<span id=\"wp-block-themeisle-blocks-advanced-heading-e601353c\" class=\"wp-block-themeisle-blocks-advanced-heading wp-block-themeisle-blocks-advanced-heading-e601353c\"><strong>130 \u20ac<\/strong>*<\/span>\n\n\n\n<p id=\"wp-block-themeisle-blocks-advanced-heading-39d2e261\" class=\"wp-block-themeisle-blocks-advanced-heading wp-block-themeisle-blocks-advanced-heading-39d2e261\"><em><em>50 minutes conversation<\/em><\/em><\/p>\n\n\n\n<div class=\"wp-block-buttons is-vertical is-content-justification-center is-layout-flex wp-container-core-buttons-is-layout-cc3cdef1 wp-block-buttons-is-layout-flex\">\n<div class=\"wp-block-button has-custom-width wp-block-button__width-100 is-style-primary\"><a class=\"wp-block-button__link wp-element-button\" href=\"https:\/\/psychologie-talens.de\/en\/kontakt\/\">Make an appointment<\/a><\/div>\n<\/div>\n<\/div>\n\n\n\n<div id=\"wp-block-themeisle-blocks-advanced-column-b570ca29\" class=\"wp-block-themeisle-blocks-advanced-column ticss-3fe6b647\">\n<h3 id=\"wp-block-themeisle-blocks-advanced-heading-54e022cc\" class=\"wp-block-themeisle-blocks-advanced-heading wp-block-themeisle-blocks-advanced-heading-54e022cc\">Couples therapy<\/h3>\n\n\n\n<span id=\"wp-block-themeisle-blocks-advanced-heading-d60ed61a\" class=\"wp-block-themeisle-blocks-advanced-heading wp-block-themeisle-blocks-advanced-heading-d60ed61a\"><strong>160 \u20ac<\/strong>*<\/span>\n\n\n\n<p id=\"wp-block-themeisle-blocks-advanced-heading-737cf4dc\" class=\"wp-block-themeisle-blocks-advanced-heading wp-block-themeisle-blocks-advanced-heading-737cf4dc\"><em><em>90 minutes conversation<\/em><\/em><\/p>\n\n\n\n<div class=\"wp-block-buttons is-vertical is-content-justification-center is-layout-flex wp-container-core-buttons-is-layout-cc3cdef1 wp-block-buttons-is-layout-flex\">\n<div class=\"wp-block-button has-custom-width wp-block-button__width-100 is-style-primary\"><a class=\"wp-block-button__link wp-element-button\" href=\"https:\/\/psychologie-talens.de\/en\/kontakt\/\">Make an appointment<\/a><\/div>\n<\/div>\n<\/div>\n<\/div><\/section>\n\n\n\n<p>*Es wird ein Rabatt angewendet bei der Buchung von mehreren Terminen (&#8222;Pack&#8220;). Bitte schreiben Sie dies bei Interesse in Ihre Nachricht an mich.<\/p>","protected":false},"excerpt":{"rendered":"<p>Die weiteren Sitzungen dauern dann 50 Minuten. Die Frequenz der Termine und auch die Dauer der Beratung legen wir zusammen fest, ganz so, wie es f\u00fcr Sie richtig und gut&hellip;&nbsp;<a href=\"https:\/\/psychologie-talens.de\/en\/ablauf\/\" class=\"\" rel=\"bookmark\">Read More &raquo;<span class=\"screen-reader-text\">Procedure<\/span><\/a><\/p>","protected":false},"author":1,"featured_media":0,"parent":0,"menu_order":0,"comment_status":"closed","ping_status":"closed","template":"","meta":{"neve_meta_sidebar":"","neve_meta_container":"","neve_meta_enable_content_width":"","neve_meta_content_width":0,"neve_meta_title_alignment":"","neve_meta_author_avatar":"","neve_post_elements_order":"","neve_meta_disable_header":"","neve_meta_disable_footer":"","neve_meta_disable_title":"","_price":"","_stock":"","_tribe_ticket_header":"","_tribe_default_ticket_provider":"","_tribe_ticket_capacity":"0","_ticket_start_date":"","_ticket_end_date":"","_tribe_ticket_show_description":"","_tribe_ticket_show_not_going":false,"_tribe_ticket_use_global_stock":"","_tribe_ticket_global_stock_level":"","_global_stock_mode":"","_global_stock_cap":"","_tribe_rsvp_for_event":"","_tribe_ticket_going_count":"","_tribe_ticket_not_going_count":"","_tribe_tickets_list":"[]","_tribe_ticket_has_attendee_info_fields":false,"_themeisle_gutenberg_block_has_review":false,"footnotes":"","_tec_slr_enabled":"","_tec_slr_layout":""},"class_list":["post-43","page","type-page","status-publish","hentry"],"yoast_head":"<!-- This site is optimized with the Yoast SEO plugin v27.3 - https:\/\/yoast.com\/product\/yoast-seo-wordpress\/ -->\n<title>Ablauf der Psychotherapie \u2013 Psychologische Praxis M\u00fcnchen<\/title>\n<meta name=\"description\" content=\"So l\u00e4uft Psychotherapie und psychologische Beratung in meiner M\u00fcnchner Praxis ab \u2013 vom Erstgespr\u00e4ch bis zur laufenden Begleitung.\" \/>\n<meta name=\"robots\" content=\"index, follow, max-snippet:-1, max-image-preview:large, max-video-preview:-1\" \/>\n<link rel=\"canonical\" href=\"https:\/\/psychologie-talens.de\/en\/ablauf\/\" \/>\n<meta property=\"og:locale\" content=\"en_GB\" \/>\n<meta property=\"og:type\" content=\"article\" \/>\n<meta property=\"og:title\" content=\"Ablauf der Psychotherapie \u2013 Psychologische Praxis M\u00fcnchen\" \/>\n<meta property=\"og:description\" content=\"So l\u00e4uft Psychotherapie und psychologische Beratung in meiner M\u00fcnchner Praxis ab \u2013 vom Erstgespr\u00e4ch bis zur laufenden Begleitung.\" \/>\n<meta property=\"og:url\" content=\"https:\/\/psychologie-talens.de\/en\/ablauf\/\" \/>\n<meta property=\"og:site_name\" content=\"Psychologie\" \/>\n<meta property=\"article:modified_time\" content=\"2026-03-25T06:58:48+00:00\" \/>\n<meta property=\"og:image\" content=\"https:\/\/mlf7ff3lpvrg.i.optimole.com\/w:auto\/h:auto\/q:mauto\/ig:avif\/https:\/\/psychologie-talens.de\/wp-content\/uploads\/2025\/12\/WhatsApp-Image-2025-12-19-at-13.44.11-2.jpeg\" \/>\n\t<meta property=\"og:image:width\" content=\"2048\" \/>\n\t<meta property=\"og:image:height\" content=\"1366\" \/>\n\t<meta property=\"og:image:type\" content=\"image\/jpeg\" \/>\n<meta name=\"twitter:card\" content=\"summary_large_image\" \/>\n<meta name=\"twitter:label1\" content=\"Estimated reading time\" \/>\n\t<meta name=\"twitter:data1\" content=\"2 minutes\" \/>\n<script type=\"application\/ld+json\" class=\"yoast-schema-graph\">{\"@context\":\"https:\\\/\\\/schema.org\",\"@graph\":[{\"@type\":\"WebPage\",\"@id\":\"https:\\\/\\\/psychologie-talens.de\\\/ablauf\\\/\",\"url\":\"https:\\\/\\\/psychologie-talens.de\\\/ablauf\\\/\",\"name\":\"Ablauf der Psychotherapie \u2013 Psychologische Praxis M\u00fcnchen\",\"isPartOf\":{\"@id\":\"https:\\\/\\\/psychologie-talens.de\\\/#website\"},\"primaryImageOfPage\":{\"@id\":\"https:\\\/\\\/psychologie-talens.de\\\/ablauf\\\/#primaryimage\"},\"image\":{\"@id\":\"https:\\\/\\\/psychologie-talens.de\\\/ablauf\\\/#primaryimage\"},\"thumbnailUrl\":\"https:\\/\\/psychologie-talens.de\\/wp-content\\/uploads\\/2025\\/12\\/WhatsApp-Image-2025-12-19-at-13.44.11-2.jpeg\",\"datePublished\":\"2024-05-10T18:10:53+00:00\",\"dateModified\":\"2026-03-25T06:58:48+00:00\",\"description\":\"So l\u00e4uft Psychotherapie und psychologische Beratung in meiner M\u00fcnchner Praxis ab \u2013 vom Erstgespr\u00e4ch bis zur laufenden Begleitung.\",\"breadcrumb\":{\"@id\":\"https:\\\/\\\/psychologie-talens.de\\\/ablauf\\\/#breadcrumb\"},\"inLanguage\":\"en-GB\",\"potentialAction\":[{\"@type\":\"ReadAction\",\"target\":[\"https:\\\/\\\/psychologie-talens.de\\\/ablauf\\\/\"]}]},{\"@type\":\"ImageObject\",\"inLanguage\":\"en-GB\",\"@id\":\"https:\\\/\\\/psychologie-talens.de\\\/ablauf\\\/#primaryimage\",\"url\":\"https:\\/\\/psychologie-talens.de\\/wp-content\\/uploads\\/2025\\/12\\/WhatsApp-Image-2025-12-19-at-13.44.11-2.jpeg\",\"contentUrl\":\"https:\\/\\/psychologie-talens.de\\/wp-content\\/uploads\\/2025\\/12\\/WhatsApp-Image-2025-12-19-at-13.44.11-2.jpeg\"},{\"@type\":\"BreadcrumbList\",\"@id\":\"https:\\\/\\\/psychologie-talens.de\\\/ablauf\\\/#breadcrumb\",\"itemListElement\":[{\"@type\":\"ListItem\",\"position\":1,\"name\":\"Home\",\"item\":\"https:\\\/\\\/psychologie-talens.de\\\/\"},{\"@type\":\"ListItem\",\"position\":2,\"name\":\"Ablauf\"}]},{\"@type\":\"WebSite\",\"@id\":\"https:\\\/\\\/psychologie-talens.de\\\/#website\",\"url\":\"https:\\\/\\\/psychologie-talens.de\\\/\",\"name\":\"https:\\\/\\\/psychologie-talens.de\\\/\",\"description\":\"Individuelle Psychologische Beratung\",\"publisher\":{\"@id\":\"https:\\\/\\\/psychologie-talens.de\\\/#organization\"},\"potentialAction\":[{\"@type\":\"SearchAction\",\"target\":{\"@type\":\"EntryPoint\",\"urlTemplate\":\"https:\\\/\\\/psychologie-talens.de\\\/?s={search_term_string}\"},\"query-input\":{\"@type\":\"PropertyValueSpecification\",\"valueRequired\":true,\"valueName\":\"search_term_string\"}}],\"inLanguage\":\"en-GB\"},{\"@type\":\"Organization\",\"@id\":\"https:\\\/\\\/psychologie-talens.de\\\/#organization\",\"name\":\"Kimberly Talens - Psychologin\",\"alternateName\":\"Kimberly Talens\",\"url\":\"https:\\\/\\\/psychologie-talens.de\\\/\",\"logo\":{\"@type\":\"ImageObject\",\"inLanguage\":\"en-GB\",\"@id\":\"https:\\\/\\\/psychologie-talens.de\\\/#\\\/schema\\\/logo\\\/image\\\/\",\"url\":\"https:\\/\\/psychologie-talens.de\\/wp-content\\/uploads\\/2024\\/05\\/cropped-Schwarz-Grau-Modern-Elegant-Typografie-Initialen-Coach-Logo-1.png\",\"contentUrl\":\"https:\\/\\/psychologie-talens.de\\/wp-content\\/uploads\\/2024\\/05\\/cropped-Schwarz-Grau-Modern-Elegant-Typografie-Initialen-Coach-Logo-1.png\",\"width\":200,\"height\":176,\"caption\":\"Kimberly Talens - Psychologin\"},\"image\":{\"@id\":\"https:\\\/\\\/psychologie-talens.de\\\/#\\\/schema\\\/logo\\\/image\\\/\"}}]}<\/script>\n<!-- \/ Yoast SEO plugin. -->","yoast_head_json":{"title":"Ablauf der Psychotherapie \u2013 Psychologische Praxis M\u00fcnchen","description":"So l\u00e4uft Psychotherapie und psychologische Beratung in meiner M\u00fcnchner Praxis ab \u2013 vom Erstgespr\u00e4ch bis zur laufenden Begleitung.","robots":{"index":"index","follow":"follow","max-snippet":"max-snippet:-1","max-image-preview":"max-image-preview:large","max-video-preview":"max-video-preview:-1"},"canonical":"https:\/\/psychologie-talens.de\/en\/ablauf\/","og_locale":"en_GB","og_type":"article","og_title":"Ablauf der Psychotherapie \u2013 Psychologische Praxis M\u00fcnchen","og_description":"So l\u00e4uft Psychotherapie und psychologische Beratung in meiner M\u00fcnchner Praxis ab \u2013 vom Erstgespr\u00e4ch bis zur laufenden Begleitung.","og_url":"https:\/\/psychologie-talens.de\/en\/ablauf\/","og_site_name":"Psychologie","article_modified_time":"2026-03-25T06:58:48+00:00","og_image":[{"width":2048,"height":1366,"url":"https:\/\/mlf7ff3lpvrg.i.optimole.com\/w:auto\/h:auto\/q:mauto\/ig:avif\/https:\/\/psychologie-talens.de\/wp-content\/uploads\/2025\/12\/WhatsApp-Image-2025-12-19-at-13.44.11-2.jpeg","type":"image\/jpeg"}],"twitter_card":"summary_large_image","twitter_misc":{"Estimated reading time":"2 minutes"},"schema":{"@context":"https:\/\/schema.org","@graph":[{"@type":"WebPage","@id":"https:\/\/psychologie-talens.de\/ablauf\/","url":"https:\/\/psychologie-talens.de\/ablauf\/","name":"Ablauf der Psychotherapie \u2013 Psychologische Praxis M\u00fcnchen","isPartOf":{"@id":"https:\/\/psychologie-talens.de\/#website"},"primaryImageOfPage":{"@id":"https:\/\/psychologie-talens.de\/ablauf\/#primaryimage"},"image":{"@id":"https:\/\/psychologie-talens.de\/ablauf\/#primaryimage"},"thumbnailUrl":"https:\/\/mlf7ff3lpvrg.i.optimole.com\/w:auto\/h:auto\/q:mauto\/ig:avif\/https:\/\/psychologie-talens.de\/wp-content\/uploads\/2025\/12\/WhatsApp-Image-2025-12-19-at-13.44.11-2.jpeg","datePublished":"2024-05-10T18:10:53+00:00","dateModified":"2026-03-25T06:58:48+00:00","description":"So l\u00e4uft Psychotherapie und psychologische Beratung in meiner M\u00fcnchner Praxis ab \u2013 vom Erstgespr\u00e4ch bis zur laufenden Begleitung.","breadcrumb":{"@id":"https:\/\/psychologie-talens.de\/ablauf\/#breadcrumb"},"inLanguage":"en-GB","potentialAction":[{"@type":"ReadAction","target":["https:\/\/psychologie-talens.de\/ablauf\/"]}]},{"@type":"ImageObject","inLanguage":"en-GB","@id":"https:\/\/psychologie-talens.de\/ablauf\/#primaryimage","url":"https:\/\/mlf7ff3lpvrg.i.optimole.com\/w:auto\/h:auto\/q:mauto\/ig:avif\/https:\/\/psychologie-talens.de\/wp-content\/uploads\/2025\/12\/WhatsApp-Image-2025-12-19-at-13.44.11-2.jpeg","contentUrl":"https:\/\/mlf7ff3lpvrg.i.optimole.com\/w:auto\/h:auto\/q:mauto\/ig:avif\/https:\/\/psychologie-talens.de\/wp-content\/uploads\/2025\/12\/WhatsApp-Image-2025-12-19-at-13.44.11-2.jpeg"},{"@type":"BreadcrumbList","@id":"https:\/\/psychologie-talens.de\/ablauf\/#breadcrumb","itemListElement":[{"@type":"ListItem","position":1,"name":"Home","item":"https:\/\/psychologie-talens.de\/"},{"@type":"ListItem","position":2,"name":"Ablauf"}]},{"@type":"WebSite","@id":"https:\/\/psychologie-talens.de\/#website","url":"https:\/\/psychologie-talens.de\/","name":"https:\/\/psychologie-talens.de\/","description":"Individuelle Psychologische Beratung","publisher":{"@id":"https:\/\/psychologie-talens.de\/#organization"},"potentialAction":[{"@type":"SearchAction","target":{"@type":"EntryPoint","urlTemplate":"https:\/\/psychologie-talens.de\/?s={search_term_string}"},"query-input":{"@type":"PropertyValueSpecification","valueRequired":true,"valueName":"search_term_string"}}],"inLanguage":"en-GB"},{"@type":"Organization","@id":"https:\/\/psychologie-talens.de\/#organization","name":"Kimberly Talens - Psychologin","alternateName":"Kimberly Talens","url":"https:\/\/psychologie-talens.de\/","logo":{"@type":"ImageObject","inLanguage":"en-GB","@id":"https:\/\/psychologie-talens.de\/#\/schema\/logo\/image\/","url":"https:\/\/mlf7ff3lpvrg.i.optimole.com\/w:auto\/h:auto\/q:mauto\/ig:avif\/https:\/\/psychologie-talens.de\/wp-content\/uploads\/2024\/05\/cropped-Schwarz-Grau-Modern-Elegant-Typografie-Initialen-Coach-Logo-1.png","contentUrl":"https:\/\/mlf7ff3lpvrg.i.optimole.com\/w:auto\/h:auto\/q:mauto\/ig:avif\/https:\/\/psychologie-talens.de\/wp-content\/uploads\/2024\/05\/cropped-Schwarz-Grau-Modern-Elegant-Typografie-Initialen-Coach-Logo-1.png","width":200,"height":176,"caption":"Kimberly Talens - Psychologin"},"image":{"@id":"https:\/\/psychologie-talens.de\/#\/schema\/logo\/image\/"}}]}},"jetpack_sharing_enabled":true,"ticketed":false,"_links":{"self":[{"href":"https:\/\/psychologie-talens.de\/en\/wp-json\/wp\/v2\/pages\/43","targetHints":{"allow":["GET"]}}],"collection":[{"href":"https:\/\/psychologie-talens.de\/en\/wp-json\/wp\/v2\/pages"}],"about":[{"href":"https:\/\/psychologie-talens.de\/en\/wp-json\/wp\/v2\/types\/page"}],"author":[{"embeddable":true,"href":"https:\/\/psychologie-talens.de\/en\/wp-json\/wp\/v2\/users\/1"}],"replies":[{"embeddable":true,"href":"https:\/\/psychologie-talens.de\/en\/wp-json\/wp\/v2\/comments?post=43"}],"version-history":[{"count":0,"href":"https:\/\/psychologie-talens.de\/en\/wp-json\/wp\/v2\/pages\/43\/revisions"}],"wp:attachment":[{"href":"https:\/\/psychologie-talens.de\/en\/wp-json\/wp\/v2\/media?parent=43"}],"curies":[{"name":"wp","href":"https:\/\/api.w.org\/{rel}","templated":true}]}}