{"id":720,"date":"2025-06-12T12:47:12","date_gmt":"2025-06-12T10:47:12","guid":{"rendered":"https:\/\/psychologie-talens.de\/?page_id=720"},"modified":"2025-10-15T14:22:48","modified_gmt":"2025-10-15T12:22:48","slug":"achtsamkeitswanderung","status":"publish","type":"page","link":"https:\/\/psychologie-talens.de\/en\/achtsamkeitswanderung\/","title":{"rendered":"Mindfulness Hike"},"content":{"rendered":"\n<div id=\"wp-block-themeisle-blocks-advanced-columns-01bcb864\" class=\"wp-block-themeisle-blocks-advanced-columns has-2-columns has-desktop-twoOne-layout has-tablet-equal-layout has-mobile-collapsedRows-layout has-vertical-unset\"><div class=\"wp-block-themeisle-blocks-advanced-columns-overlay\"><\/div><div class=\"innerblocks-wrap\">\n<div id=\"wp-block-themeisle-blocks-advanced-column-57284068\" class=\"wp-block-themeisle-blocks-advanced-column\">\n<p>\ud83c\udf3f <strong>Achtsamkeitswanderung in der N\u00e4he von Bayrischzell<\/strong> \ud83c\udf3f<br><strong>Kommen Sie mit auf eine besondere Wanderung voller Achtsamkeit, Bewegung und Verbindung zur Natur!<\/strong> \ud83e\udd7e\ud83e\uddd8\u200d\u2640\ufe0f\u2728<\/p>\n\n\n\n<p>\ud83d\udcc5 <strong>Datum:<\/strong> Sonntag, 23. November<br>\ud83d\udd59 <strong>Uhrzeit:<\/strong> 9:00 Uhr<br>\ud83d\udccd <strong>Ort:<\/strong> Bayrischzell<br>\ud83d\udeb6\u200d\u2640\ufe0f <strong>Schwierigkeitsgrad:<\/strong> Mittel \u2013 Wandererfahrung empfohlen<br>\ud83d\udcb6 <strong>Kosten:<\/strong> 15 Euro<\/p>\n\n\n\n<p>Ich freue mich riesig, meine dritte <strong>Achtsamkeitswanderung<\/strong> anzubieten \u2013 und Sie sind herzlich eingeladen, dabei zu sein!<br>Wir verbinden wundersch\u00f6ne Natur mit Achtsamkeit und Meditation. Unterwegs nehmen wir uns Zeit f\u00fcr bewusstes Gehen, Atem\u00fcbungen und kleine Momente der Stille.<\/p>\n\n\n\n<p>Oben angekommen, machen wir eine entspannte Pause auf einer gem\u00fctlichen <strong>Alm<\/strong>, mit Essen, Getr\u00e4nken und traumhafter Aussicht. Die gesamte Tour dauert etwa <strong>4 Stunden<\/strong>, inklusive Pause.<\/p>\n\n\n\n<p>\ud83d\udce9 <em>Interesse oder m\u00f6chten Sie sich anmelden? Schreiben Sie mir einfach eine Nachricht \u2013 ich freue mich auf Sie!<\/em><\/p>\n\n\n\n<p>Lassen Sie uns gemeinsam wandern, atmen und ganz im Moment sein.<\/p>\n<\/div>\n\n\n\n<div id=\"wp-block-themeisle-blocks-advanced-column-42cdf556\" class=\"wp-block-themeisle-blocks-advanced-column\">\n<figure class=\"wp-block-image size-large\"><img data-opt-id=300432005  fetchpriority=\"high\" decoding=\"async\" src=\"https:\/\/mlf7ff3lpvrg.i.optimole.com\/w:472\/h:1024\/q:mauto\/ig:avif\/https:\/\/psychologie-talens.de\/wp-content\/uploads\/2025\/10\/IMG-20251011-WA0002-472x1024.jpg\" alt=\"\" class=\"wp-image-782\"\/><\/figure>\n<\/div>\n<\/div><\/div>\n\n\n\n<div class=\"wp-block-columns is-layout-flex wp-container-core-columns-is-layout-9d6595d7 wp-block-columns-is-layout-flex\">\n<div class=\"wp-block-column is-layout-flow wp-block-column-is-layout-flow\" style=\"flex-basis:25%\"><\/div>\n\n\n\n<div class=\"wp-block-column is-layout-flow wp-block-column-is-layout-flow\" style=\"flex-basis:50%\">\n<h4 id=\"wp-block-themeisle-blocks-advanced-heading-f79d743a\" class=\"wp-block-themeisle-blocks-advanced-heading wp-block-themeisle-blocks-advanced-heading-f79d743a\">Melden Sie sich gerne \u00fcber das Kontaktformular an<\/h4>\n<\/div>\n\n\n\n<div class=\"wp-block-column is-layout-flow wp-block-column-is-layout-flow\" style=\"flex-basis:25%\"><\/div>\n<\/div>\n\n\n<div class=\"wpforms-container wpforms-container-full wpforms-block wpforms-block-3d5e235a-d44c-4cd5-b2c2-a1152241f66c wpforms-render-modern\" id=\"wpforms-377\"><form id=\"wpforms-form-377\" class=\"wpforms-validate wpforms-form wpforms-ajax-form\" data-formid=\"377\" method=\"post\" enctype=\"multipart\/form-data\" action=\"\/en\/wp-json\/wp\/v2\/pages\/720\" data-token=\"f9bc61c8cdf78c939ed5f1ff8fe584f9\" data-token-time=\"1775519451\"><noscript class=\"wpforms-error-noscript\">Please enable JavaScript in your browser to complete this form.<\/noscript><div id=\"wpforms-error-noscript\" style=\"display: none;\">Please enable JavaScript in your browser to complete this form.<\/div><div class=\"wpforms-field-container\"><div id=\"wpforms-377-field_0-container\" class=\"wpforms-field wpforms-field-name wpforms-one-half wpforms-first\" data-field-id=\"0\"><label class=\"wpforms-field-label wpforms-label-hide\" for=\"wpforms-377-field_0\" aria-hidden=\"false\">Name <span class=\"wpforms-required-label\" aria-hidden=\"true\">*<\/span><\/label><input type=\"text\" id=\"wpforms-377-field_0\" class=\"wpforms-field-large wpforms-field-required\" name=\"wpforms[fields][0]\" placeholder=\"Ihr Name\" aria-errormessage=\"wpforms-377-field_0-error\" required><\/div><div id=\"wpforms-377-field_1-container\" class=\"wpforms-field wpforms-field-email wpforms-one-half\" data-field-id=\"1\"><label class=\"wpforms-field-label wpforms-label-hide\" for=\"wpforms-377-field_1\" aria-hidden=\"false\">E-Mail <span class=\"wpforms-required-label\" aria-hidden=\"true\">*<\/span><\/label><input type=\"email\" id=\"wpforms-377-field_1\" class=\"wpforms-field-large wpforms-field-required\" name=\"wpforms[fields][1]\" placeholder=\"Ihre E-Mail-Adresse\" spellcheck=\"false\" aria-errormessage=\"wpforms-377-field_1-error\" required><\/div><div id=\"wpforms-377-field_7-container\" class=\"wpforms-field wpforms-field-text\" data-field-id=\"7\"><label class=\"wpforms-field-label\" for=\"wpforms-377-field_7\">Telefonnummer <span class=\"wpforms-required-label\" aria-hidden=\"true\">*<\/span><\/label><input type=\"text\" id=\"wpforms-377-field_7\" class=\"wpforms-field-medium wpforms-field-required\" name=\"wpforms[fields][7]\" aria-errormessage=\"wpforms-377-field_7-error\" aria-describedby=\"wpforms-377-field_7-description\" required><div id=\"wpforms-377-field_7-description\" class=\"wpforms-field-description\">Ihre Telefonnummer<\/div><\/div><div id=\"wpforms-377-field_3-container\" class=\"wpforms-field wpforms-field-textarea\" data-field-id=\"3\"><label class=\"wpforms-field-label wpforms-label-hide\" for=\"wpforms-377-field_3\" aria-hidden=\"false\">Nachricht <span class=\"wpforms-required-label\" aria-hidden=\"true\">*<\/span><\/label><textarea id=\"wpforms-377-field_3\" class=\"wpforms-field-medium wpforms-field-required\" name=\"wpforms[fields][3]\" placeholder=\"Ihre Nachricht\" aria-errormessage=\"wpforms-377-field_3-error\" required><\/textarea><\/div><div id=\"wpforms-377-field_5-container\" class=\"wpforms-field wpforms-field-checkbox\" data-field-id=\"5\"><fieldset><legend class=\"wpforms-field-label\">Datenschutz <span class=\"wpforms-required-label\" aria-hidden=\"true\">*<\/span><\/legend><ul id=\"wpforms-377-field_5\" class=\"wpforms-field-required\"><li class=\"choice-1 depth-1\"><input type=\"checkbox\" id=\"wpforms-377-field_5_1\" name=\"wpforms[fields][5][]\" value=\"Mit dem Absenden dieser Anfrage stimmen Sie zu, dass Ihre Angaben aus dem Kontaktformular zur Beantwortung Ihrer Anfrage erhoben und verarbeitet werden. Detaillierte Informationen zum Umgang mit Nutzerdaten finden Sie in der Datenschutzerkl\u00e4rung.\" aria-errormessage=\"wpforms-377-field_5_1-error\" required ><label class=\"wpforms-field-label-inline\" for=\"wpforms-377-field_5_1\">Mit dem Absenden dieser Anfrage stimmen Sie zu, dass Ihre Angaben aus dem Kontaktformular zur Beantwortung Ihrer Anfrage erhoben und verarbeitet werden. Detaillierte Informationen zum Umgang mit Nutzerdaten finden Sie in der Datenschutzerkl\u00e4rung.<\/label><\/li><\/ul><\/fieldset><\/div><\/div><!-- .wpforms-field-container --><div class=\"wpforms-submit-container\" ><input type=\"hidden\" name=\"wpforms[id]\" value=\"377\"><input type=\"hidden\" name=\"page_title\" value=\"\"><input type=\"hidden\" name=\"page_url\" value=\"https:\/\/psychologie-talens.de\/en\/wp-json\/wp\/v2\/pages\/720\"><input type=\"hidden\" name=\"url_referer\" value=\"\"><button type=\"submit\" name=\"wpforms[submit]\" id=\"wpforms-submit-377\" class=\"wpforms-submit\" data-alt-text=\"In Bearbeitung\" data-submit-text=\"Anfrage senden\" aria-live=\"assertive\" value=\"wpforms-submit\">Anfrage senden<\/button><img data-opt-id=2982962  fetchpriority=\"high\" decoding=\"async\" src=\"https:\/\/mlf7ff3lpvrg.i.optimole.com\/w:auto\/h:auto\/q:mauto\/ig:avif\/https:\/\/psychologie-talens.de\/wp-content\/plugins\/wpforms-lite\/assets\/images\/submit-spin.svg\" class=\"wpforms-submit-spinner\" style=\"display: none;\" width=\"26\" height=\"26\" alt=\"Loading\"><\/div><\/form><\/div>  <!-- .wpforms-container -->\n\n\n<p><\/p>\n","protected":false},"excerpt":{"rendered":"","protected":false},"author":1,"featured_media":0,"parent":0,"menu_order":0,"comment_status":"closed","ping_status":"closed","template":"","meta":{"neve_meta_sidebar":"","neve_meta_container":"","neve_meta_enable_content_width":"","neve_meta_content_width":0,"neve_meta_title_alignment":"","neve_meta_author_avatar":"","neve_post_elements_order":"","neve_meta_disable_header":"","neve_meta_disable_footer":"","neve_meta_disable_title":"","_price":"","_stock":"","_tribe_ticket_header":"","_tribe_default_ticket_provider":"","_tribe_ticket_capacity":"0","_ticket_start_date":"","_ticket_end_date":"","_tribe_ticket_show_description":"","_tribe_ticket_show_not_going":false,"_tribe_ticket_use_global_stock":"","_tribe_ticket_global_stock_level":"","_global_stock_mode":"","_global_stock_cap":"","_tribe_rsvp_for_event":"","_tribe_ticket_going_count":"","_tribe_ticket_not_going_count":"","_tribe_tickets_list":"[]","_tribe_ticket_has_attendee_info_fields":false,"_themeisle_gutenberg_block_has_review":false,"footnotes":"","_tec_slr_enabled":"","_tec_slr_layout":""},"class_list":["post-720","page","type-page","status-publish","hentry"],"yoast_head":"<!-- This site is optimized with the Yoast SEO plugin v27.3 - https:\/\/yoast.com\/product\/yoast-seo-wordpress\/ -->\n<title>Achtsamkeitswanderung - Psychologie<\/title>\n<meta name=\"robots\" content=\"index, follow, max-snippet:-1, max-image-preview:large, max-video-preview:-1\" \/>\n<link rel=\"canonical\" href=\"https:\/\/psychologie-talens.de\/en\/achtsamkeitswanderung\/\" \/>\n<meta property=\"og:locale\" content=\"en_GB\" \/>\n<meta property=\"og:type\" content=\"article\" \/>\n<meta property=\"og:title\" content=\"Achtsamkeitswanderung - Psychologie\" \/>\n<meta property=\"og:url\" content=\"https:\/\/psychologie-talens.de\/en\/achtsamkeitswanderung\/\" \/>\n<meta property=\"og:site_name\" content=\"Psychologie\" \/>\n<meta property=\"article:modified_time\" content=\"2025-10-15T12:22:48+00:00\" \/>\n<meta property=\"og:image\" content=\"https:\/\/mlf7ff3lpvrg.i.optimole.com\/w:auto\/h:auto\/q:mauto\/ig:avif\/https:\/\/psychologie-talens.de\/wp-content\/uploads\/2024\/05\/20220922_161232-scaled.jpg\" \/>\n\t<meta property=\"og:image:width\" content=\"2560\" \/>\n\t<meta property=\"og:image:height\" content=\"1920\" \/>\n\t<meta property=\"og:image:type\" content=\"image\/jpeg\" \/>\n<meta name=\"twitter:card\" content=\"summary_large_image\" \/>\n<meta name=\"twitter:label1\" content=\"Estimated reading time\" \/>\n\t<meta name=\"twitter:data1\" content=\"2 minutes\" \/>\n<script type=\"application\/ld+json\" class=\"yoast-schema-graph\">{\"@context\":\"https:\\\/\\\/schema.org\",\"@graph\":[{\"@type\":\"WebPage\",\"@id\":\"https:\\\/\\\/psychologie-talens.de\\\/achtsamkeitswanderung\\\/\",\"url\":\"https:\\\/\\\/psychologie-talens.de\\\/achtsamkeitswanderung\\\/\",\"name\":\"Achtsamkeitswanderung - Psychologie\",\"isPartOf\":{\"@id\":\"https:\\\/\\\/psychologie-talens.de\\\/#website\"},\"primaryImageOfPage\":{\"@id\":\"https:\\\/\\\/psychologie-talens.de\\\/achtsamkeitswanderung\\\/#primaryimage\"},\"image\":{\"@id\":\"https:\\\/\\\/psychologie-talens.de\\\/achtsamkeitswanderung\\\/#primaryimage\"},\"thumbnailUrl\":\"https:\\/\\/psychologie-talens.de\\/wp-content\\/uploads\\/2025\\/10\\/IMG-20251011-WA0002-472x1024.jpg\",\"datePublished\":\"2025-06-12T10:47:12+00:00\",\"dateModified\":\"2025-10-15T12:22:48+00:00\",\"breadcrumb\":{\"@id\":\"https:\\\/\\\/psychologie-talens.de\\\/achtsamkeitswanderung\\\/#breadcrumb\"},\"inLanguage\":\"en-GB\",\"potentialAction\":[{\"@type\":\"ReadAction\",\"target\":[\"https:\\\/\\\/psychologie-talens.de\\\/achtsamkeitswanderung\\\/\"]}]},{\"@type\":\"ImageObject\",\"inLanguage\":\"en-GB\",\"@id\":\"https:\\\/\\\/psychologie-talens.de\\\/achtsamkeitswanderung\\\/#primaryimage\",\"url\":\"https:\\/\\/psychologie-talens.de\\/wp-content\\/uploads\\/2025\\/10\\/IMG-20251011-WA0002-472x1024.jpg\",\"contentUrl\":\"https:\\/\\/psychologie-talens.de\\/wp-content\\/uploads\\/2025\\/10\\/IMG-20251011-WA0002-472x1024.jpg\"},{\"@type\":\"BreadcrumbList\",\"@id\":\"https:\\\/\\\/psychologie-talens.de\\\/achtsamkeitswanderung\\\/#breadcrumb\",\"itemListElement\":[{\"@type\":\"ListItem\",\"position\":1,\"name\":\"Home\",\"item\":\"https:\\\/\\\/psychologie-talens.de\\\/\"},{\"@type\":\"ListItem\",\"position\":2,\"name\":\"Achtsamkeitswanderung\"}]},{\"@type\":\"WebSite\",\"@id\":\"https:\\\/\\\/psychologie-talens.de\\\/#website\",\"url\":\"https:\\\/\\\/psychologie-talens.de\\\/\",\"name\":\"https:\\\/\\\/psychologie-talens.de\\\/\",\"description\":\"Individuelle Psychologische Beratung\",\"publisher\":{\"@id\":\"https:\\\/\\\/psychologie-talens.de\\\/#organization\"},\"potentialAction\":[{\"@type\":\"SearchAction\",\"target\":{\"@type\":\"EntryPoint\",\"urlTemplate\":\"https:\\\/\\\/psychologie-talens.de\\\/?s={search_term_string}\"},\"query-input\":{\"@type\":\"PropertyValueSpecification\",\"valueRequired\":true,\"valueName\":\"search_term_string\"}}],\"inLanguage\":\"en-GB\"},{\"@type\":\"Organization\",\"@id\":\"https:\\\/\\\/psychologie-talens.de\\\/#organization\",\"name\":\"Kimberly Talens - Psychologin\",\"alternateName\":\"Kimberly Talens\",\"url\":\"https:\\\/\\\/psychologie-talens.de\\\/\",\"logo\":{\"@type\":\"ImageObject\",\"inLanguage\":\"en-GB\",\"@id\":\"https:\\\/\\\/psychologie-talens.de\\\/#\\\/schema\\\/logo\\\/image\\\/\",\"url\":\"https:\\/\\/psychologie-talens.de\\/wp-content\\/uploads\\/2024\\/05\\/cropped-Schwarz-Grau-Modern-Elegant-Typografie-Initialen-Coach-Logo-1.png\",\"contentUrl\":\"https:\\/\\/psychologie-talens.de\\/wp-content\\/uploads\\/2024\\/05\\/cropped-Schwarz-Grau-Modern-Elegant-Typografie-Initialen-Coach-Logo-1.png\",\"width\":200,\"height\":176,\"caption\":\"Kimberly Talens - Psychologin\"},\"image\":{\"@id\":\"https:\\\/\\\/psychologie-talens.de\\\/#\\\/schema\\\/logo\\\/image\\\/\"}}]}<\/script>\n<!-- \/ Yoast SEO plugin. -->","yoast_head_json":{"title":"Achtsamkeitswanderung - Psychologie","robots":{"index":"index","follow":"follow","max-snippet":"max-snippet:-1","max-image-preview":"max-image-preview:large","max-video-preview":"max-video-preview:-1"},"canonical":"https:\/\/psychologie-talens.de\/en\/achtsamkeitswanderung\/","og_locale":"en_GB","og_type":"article","og_title":"Achtsamkeitswanderung - Psychologie","og_url":"https:\/\/psychologie-talens.de\/en\/achtsamkeitswanderung\/","og_site_name":"Psychologie","article_modified_time":"2025-10-15T12:22:48+00:00","og_image":[{"width":2560,"height":1920,"url":"https:\/\/mlf7ff3lpvrg.i.optimole.com\/w:auto\/h:auto\/q:mauto\/ig:avif\/https:\/\/psychologie-talens.de\/wp-content\/uploads\/2024\/05\/20220922_161232-scaled.jpg","type":"image\/jpeg"}],"twitter_card":"summary_large_image","twitter_misc":{"Estimated reading time":"2 minutes"},"schema":{"@context":"https:\/\/schema.org","@graph":[{"@type":"WebPage","@id":"https:\/\/psychologie-talens.de\/achtsamkeitswanderung\/","url":"https:\/\/psychologie-talens.de\/achtsamkeitswanderung\/","name":"Achtsamkeitswanderung - Psychologie","isPartOf":{"@id":"https:\/\/psychologie-talens.de\/#website"},"primaryImageOfPage":{"@id":"https:\/\/psychologie-talens.de\/achtsamkeitswanderung\/#primaryimage"},"image":{"@id":"https:\/\/psychologie-talens.de\/achtsamkeitswanderung\/#primaryimage"},"thumbnailUrl":"https:\/\/mlf7ff3lpvrg.i.optimole.com\/w:auto\/h:auto\/q:mauto\/ig:avif\/https:\/\/psychologie-talens.de\/wp-content\/uploads\/2025\/10\/IMG-20251011-WA0002-472x1024.jpg","datePublished":"2025-06-12T10:47:12+00:00","dateModified":"2025-10-15T12:22:48+00:00","breadcrumb":{"@id":"https:\/\/psychologie-talens.de\/achtsamkeitswanderung\/#breadcrumb"},"inLanguage":"en-GB","potentialAction":[{"@type":"ReadAction","target":["https:\/\/psychologie-talens.de\/achtsamkeitswanderung\/"]}]},{"@type":"ImageObject","inLanguage":"en-GB","@id":"https:\/\/psychologie-talens.de\/achtsamkeitswanderung\/#primaryimage","url":"https:\/\/mlf7ff3lpvrg.i.optimole.com\/w:auto\/h:auto\/q:mauto\/ig:avif\/https:\/\/psychologie-talens.de\/wp-content\/uploads\/2025\/10\/IMG-20251011-WA0002-472x1024.jpg","contentUrl":"https:\/\/mlf7ff3lpvrg.i.optimole.com\/w:auto\/h:auto\/q:mauto\/ig:avif\/https:\/\/psychologie-talens.de\/wp-content\/uploads\/2025\/10\/IMG-20251011-WA0002-472x1024.jpg"},{"@type":"BreadcrumbList","@id":"https:\/\/psychologie-talens.de\/achtsamkeitswanderung\/#breadcrumb","itemListElement":[{"@type":"ListItem","position":1,"name":"Home","item":"https:\/\/psychologie-talens.de\/"},{"@type":"ListItem","position":2,"name":"Achtsamkeitswanderung"}]},{"@type":"WebSite","@id":"https:\/\/psychologie-talens.de\/#website","url":"https:\/\/psychologie-talens.de\/","name":"https:\/\/psychologie-talens.de\/","description":"Individuelle Psychologische Beratung","publisher":{"@id":"https:\/\/psychologie-talens.de\/#organization"},"potentialAction":[{"@type":"SearchAction","target":{"@type":"EntryPoint","urlTemplate":"https:\/\/psychologie-talens.de\/?s={search_term_string}"},"query-input":{"@type":"PropertyValueSpecification","valueRequired":true,"valueName":"search_term_string"}}],"inLanguage":"en-GB"},{"@type":"Organization","@id":"https:\/\/psychologie-talens.de\/#organization","name":"Kimberly Talens - Psychologin","alternateName":"Kimberly Talens","url":"https:\/\/psychologie-talens.de\/","logo":{"@type":"ImageObject","inLanguage":"en-GB","@id":"https:\/\/psychologie-talens.de\/#\/schema\/logo\/image\/","url":"https:\/\/mlf7ff3lpvrg.i.optimole.com\/w:auto\/h:auto\/q:mauto\/ig:avif\/https:\/\/psychologie-talens.de\/wp-content\/uploads\/2024\/05\/cropped-Schwarz-Grau-Modern-Elegant-Typografie-Initialen-Coach-Logo-1.png","contentUrl":"https:\/\/mlf7ff3lpvrg.i.optimole.com\/w:auto\/h:auto\/q:mauto\/ig:avif\/https:\/\/psychologie-talens.de\/wp-content\/uploads\/2024\/05\/cropped-Schwarz-Grau-Modern-Elegant-Typografie-Initialen-Coach-Logo-1.png","width":200,"height":176,"caption":"Kimberly Talens - Psychologin"},"image":{"@id":"https:\/\/psychologie-talens.de\/#\/schema\/logo\/image\/"}}]}},"jetpack_sharing_enabled":true,"ticketed":false,"_links":{"self":[{"href":"https:\/\/psychologie-talens.de\/en\/wp-json\/wp\/v2\/pages\/720","targetHints":{"allow":["GET"]}}],"collection":[{"href":"https:\/\/psychologie-talens.de\/en\/wp-json\/wp\/v2\/pages"}],"about":[{"href":"https:\/\/psychologie-talens.de\/en\/wp-json\/wp\/v2\/types\/page"}],"author":[{"embeddable":true,"href":"https:\/\/psychologie-talens.de\/en\/wp-json\/wp\/v2\/users\/1"}],"replies":[{"embeddable":true,"href":"https:\/\/psychologie-talens.de\/en\/wp-json\/wp\/v2\/comments?post=720"}],"version-history":[{"count":0,"href":"https:\/\/psychologie-talens.de\/en\/wp-json\/wp\/v2\/pages\/720\/revisions"}],"wp:attachment":[{"href":"https:\/\/psychologie-talens.de\/en\/wp-json\/wp\/v2\/media?parent=720"}],"curies":[{"name":"wp","href":"https:\/\/api.w.org\/{rel}","templated":true}]}}