{"id":85,"date":"2024-05-11T14:53:58","date_gmt":"2024-05-11T12:53:58","guid":{"rendered":"https:\/\/psychologie-talens.de\/?page_id=85"},"modified":"2025-12-19T14:21:43","modified_gmt":"2025-12-19T13:21:43","slug":"kontakt","status":"publish","type":"page","link":"https:\/\/psychologie-talens.de\/en\/kontakt\/","title":{"rendered":"Contact"},"content":{"rendered":"\n<p>Gerne kontaktieren Sie mich per E-Mail an <strong>info@psychologie-talens.de<\/strong> oder \u00fcber das Kontaktformular.<\/p>\n\n\n<style id=\"wpforms-css-vars-377\">\n\t\t\t\t#wpforms-377 {\n\t\t\t\t\n\t\t\t}\n\t\t\t<\/style><div class=\"wpforms-container wpforms-container-full wpforms-render-modern\" id=\"wpforms-377\"><form id=\"wpforms-form-377\" class=\"wpforms-validate wpforms-form wpforms-ajax-form\" data-formid=\"377\" method=\"post\" enctype=\"multipart\/form-data\" action=\"\/en\/wp-json\/wp\/v2\/pages\/85\" data-token=\"f9bc61c8cdf78c939ed5f1ff8fe584f9\" data-token-time=\"1775519451\"><noscript class=\"wpforms-error-noscript\">Please enable JavaScript in your browser to complete this form.<\/noscript><div id=\"wpforms-error-noscript\" style=\"display: none;\">Please enable JavaScript in your browser to complete this form.<\/div><div class=\"wpforms-field-container\"><div id=\"wpforms-377-field_0-container\" class=\"wpforms-field wpforms-field-name wpforms-one-half wpforms-first\" data-field-id=\"0\"><label class=\"wpforms-field-label wpforms-label-hide\" for=\"wpforms-377-field_0\" aria-hidden=\"false\">Name <span class=\"wpforms-required-label\" aria-hidden=\"true\">*<\/span><\/label><input type=\"text\" id=\"wpforms-377-field_0\" class=\"wpforms-field-large wpforms-field-required\" name=\"wpforms[fields][0]\" placeholder=\"Ihr Name\" aria-errormessage=\"wpforms-377-field_0-error\" required><\/div><div id=\"wpforms-377-field_1-container\" class=\"wpforms-field wpforms-field-email wpforms-one-half\" data-field-id=\"1\"><label class=\"wpforms-field-label wpforms-label-hide\" for=\"wpforms-377-field_1\" aria-hidden=\"false\">E-Mail <span class=\"wpforms-required-label\" aria-hidden=\"true\">*<\/span><\/label><input type=\"email\" id=\"wpforms-377-field_1\" class=\"wpforms-field-large wpforms-field-required\" name=\"wpforms[fields][1]\" placeholder=\"Ihre E-Mail-Adresse\" spellcheck=\"false\" aria-errormessage=\"wpforms-377-field_1-error\" required><\/div><div id=\"wpforms-377-field_7-container\" class=\"wpforms-field wpforms-field-text\" data-field-id=\"7\"><label class=\"wpforms-field-label\" for=\"wpforms-377-field_7\">Telefonnummer <span class=\"wpforms-required-label\" aria-hidden=\"true\">*<\/span><\/label><input type=\"text\" id=\"wpforms-377-field_7\" class=\"wpforms-field-medium wpforms-field-required\" name=\"wpforms[fields][7]\" aria-errormessage=\"wpforms-377-field_7-error\" aria-describedby=\"wpforms-377-field_7-description\" required><div id=\"wpforms-377-field_7-description\" class=\"wpforms-field-description\">Ihre Telefonnummer<\/div><\/div><div id=\"wpforms-377-field_3-container\" class=\"wpforms-field wpforms-field-textarea\" data-field-id=\"3\"><label class=\"wpforms-field-label wpforms-label-hide\" for=\"wpforms-377-field_3\" aria-hidden=\"false\">Nachricht <span class=\"wpforms-required-label\" aria-hidden=\"true\">*<\/span><\/label><textarea id=\"wpforms-377-field_3\" class=\"wpforms-field-medium wpforms-field-required\" name=\"wpforms[fields][3]\" placeholder=\"Ihre Nachricht\" aria-errormessage=\"wpforms-377-field_3-error\" required><\/textarea><\/div><div id=\"wpforms-377-field_5-container\" class=\"wpforms-field wpforms-field-checkbox\" data-field-id=\"5\"><fieldset><legend class=\"wpforms-field-label\">Datenschutz <span class=\"wpforms-required-label\" aria-hidden=\"true\">*<\/span><\/legend><ul id=\"wpforms-377-field_5\" class=\"wpforms-field-required\"><li class=\"choice-1 depth-1\"><input type=\"checkbox\" id=\"wpforms-377-field_5_1\" name=\"wpforms[fields][5][]\" value=\"Mit dem Absenden dieser Anfrage stimmen Sie zu, dass Ihre Angaben aus dem Kontaktformular zur Beantwortung Ihrer Anfrage erhoben und verarbeitet werden. Detaillierte Informationen zum Umgang mit Nutzerdaten finden Sie in der Datenschutzerkl\u00e4rung.\" aria-errormessage=\"wpforms-377-field_5_1-error\" required ><label class=\"wpforms-field-label-inline\" for=\"wpforms-377-field_5_1\">Mit dem Absenden dieser Anfrage stimmen Sie zu, dass Ihre Angaben aus dem Kontaktformular zur Beantwortung Ihrer Anfrage erhoben und verarbeitet werden. Detaillierte Informationen zum Umgang mit Nutzerdaten finden Sie in der Datenschutzerkl\u00e4rung.<\/label><\/li><\/ul><\/fieldset><\/div><\/div><!-- .wpforms-field-container --><div class=\"wpforms-submit-container\" ><input type=\"hidden\" name=\"wpforms[id]\" value=\"377\"><input type=\"hidden\" name=\"page_title\" value=\"\"><input type=\"hidden\" name=\"page_url\" value=\"https:\/\/psychologie-talens.de\/en\/wp-json\/wp\/v2\/pages\/85\"><input type=\"hidden\" name=\"url_referer\" value=\"\"><button type=\"submit\" name=\"wpforms[submit]\" id=\"wpforms-submit-377\" class=\"wpforms-submit\" data-alt-text=\"In Bearbeitung\" data-submit-text=\"Anfrage senden\" aria-live=\"assertive\" value=\"wpforms-submit\">Anfrage senden<\/button><img data-opt-id=2982962  fetchpriority=\"high\" decoding=\"async\" src=\"https:\/\/mlf7ff3lpvrg.i.optimole.com\/w:auto\/h:auto\/q:mauto\/ig:avif\/https:\/\/psychologie-talens.de\/wp-content\/plugins\/wpforms-lite\/assets\/images\/submit-spin.svg\" class=\"wpforms-submit-spinner\" style=\"display: none;\" width=\"26\" height=\"26\" alt=\"Loading\"><\/div><\/form><\/div>  <!-- .wpforms-container -->\n\n\n\n<p><\/p>\n\n\n\n<p>Meine Praxis finden Sie in der <strong>Emil-Dittler-Stra\u00dfe 6 in M\u00fcnchen Solln<\/strong>.<\/p>\n\n\n\n<p>Sie finden mich au\u00dferdem auf <a href=\"https:\/\/www.instagram.com\/psych.talens\/\">Instagram<\/a> und <a href=\"https:\/\/www.facebook.com\/profile.php?id=100080926745482\">Facebook<\/a>.<\/p>\n","protected":false},"excerpt":{"rendered":"<p>Gerne kontaktieren Sie mich per E-Mail an info@psychologie-talens.de oder \u00fcber das Kontaktformular. Meine Praxis finden Sie in der Emil-Dittler-Stra\u00dfe 6 in M\u00fcnchen Solln. Sie finden mich au\u00dferdem auf Instagram und&hellip;&nbsp;<a href=\"https:\/\/psychologie-talens.de\/en\/kontakt\/\" class=\"\" rel=\"bookmark\">Read More &raquo;<span class=\"screen-reader-text\">Contact<\/span><\/a><\/p>","protected":false},"author":1,"featured_media":0,"parent":0,"menu_order":0,"comment_status":"closed","ping_status":"closed","template":"","meta":{"neve_meta_sidebar":"","neve_meta_container":"","neve_meta_enable_content_width":"","neve_meta_content_width":0,"neve_meta_title_alignment":"","neve_meta_author_avatar":"","neve_post_elements_order":"","neve_meta_disable_header":"","neve_meta_disable_footer":"","neve_meta_disable_title":"","_price":"","_stock":"","_tribe_ticket_header":"","_tribe_default_ticket_provider":"","_tribe_ticket_capacity":"0","_ticket_start_date":"","_ticket_end_date":"","_tribe_ticket_show_description":"","_tribe_ticket_show_not_going":false,"_tribe_ticket_use_global_stock":"","_tribe_ticket_global_stock_level":"","_global_stock_mode":"","_global_stock_cap":"","_tribe_rsvp_for_event":"","_tribe_ticket_going_count":"","_tribe_ticket_not_going_count":"","_tribe_tickets_list":"[]","_tribe_ticket_has_attendee_info_fields":false,"_themeisle_gutenberg_block_has_review":false,"footnotes":"","_tec_slr_enabled":"","_tec_slr_layout":""},"class_list":["post-85","page","type-page","status-publish","hentry"],"yoast_head":"<!-- This site is optimized with the Yoast SEO plugin v27.3 - https:\/\/yoast.com\/product\/yoast-seo-wordpress\/ -->\n<title>Kontakt \u2013 Psychologische Praxis M\u00fcnchen | Kimberly Talens<\/title>\n<meta name=\"description\" content=\"Kontaktieren Sie die psychologische Praxis von Kimberly Talens in M\u00fcnchen. Terminvereinbarung f\u00fcr Psychotherapie &amp; Beratung.\" \/>\n<meta name=\"robots\" content=\"index, follow, max-snippet:-1, max-image-preview:large, max-video-preview:-1\" \/>\n<link rel=\"canonical\" href=\"https:\/\/psychologie-talens.de\/en\/kontakt\/\" \/>\n<meta property=\"og:locale\" content=\"en_GB\" \/>\n<meta property=\"og:type\" content=\"article\" \/>\n<meta property=\"og:title\" content=\"Kontakt \u2013 Psychologische Praxis M\u00fcnchen | Kimberly Talens\" \/>\n<meta property=\"og:description\" content=\"Kontaktieren Sie die psychologische Praxis von Kimberly Talens in M\u00fcnchen. Terminvereinbarung f\u00fcr Psychotherapie &amp; Beratung.\" \/>\n<meta property=\"og:url\" content=\"https:\/\/psychologie-talens.de\/en\/kontakt\/\" \/>\n<meta property=\"og:site_name\" content=\"Psychologie\" \/>\n<meta property=\"article:modified_time\" content=\"2025-12-19T13:21:43+00:00\" \/>\n<meta property=\"og:image\" content=\"https:\/\/mlf7ff3lpvrg.i.optimole.com\/w:auto\/h:auto\/q:mauto\/ig:avif\/https:\/\/psychologie-talens.de\/wp-content\/uploads\/2024\/05\/20220922_161232-scaled.jpg\" \/>\n\t<meta property=\"og:image:width\" content=\"2560\" \/>\n\t<meta property=\"og:image:height\" content=\"1920\" \/>\n\t<meta property=\"og:image:type\" content=\"image\/jpeg\" \/>\n<meta name=\"twitter:card\" content=\"summary_large_image\" \/>\n<meta name=\"twitter:label1\" content=\"Estimated reading time\" \/>\n\t<meta name=\"twitter:data1\" content=\"1 minute\" \/>\n<script type=\"application\/ld+json\" class=\"yoast-schema-graph\">{\"@context\":\"https:\\\/\\\/schema.org\",\"@graph\":[{\"@type\":\"WebPage\",\"@id\":\"https:\\\/\\\/psychologie-talens.de\\\/kontakt\\\/\",\"url\":\"https:\\\/\\\/psychologie-talens.de\\\/kontakt\\\/\",\"name\":\"Kontakt \u2013 Psychologische Praxis M\u00fcnchen | Kimberly Talens\",\"isPartOf\":{\"@id\":\"https:\\\/\\\/psychologie-talens.de\\\/#website\"},\"datePublished\":\"2024-05-11T12:53:58+00:00\",\"dateModified\":\"2025-12-19T13:21:43+00:00\",\"description\":\"Kontaktieren Sie die psychologische Praxis von Kimberly Talens in M\u00fcnchen. Terminvereinbarung f\u00fcr Psychotherapie & Beratung.\",\"breadcrumb\":{\"@id\":\"https:\\\/\\\/psychologie-talens.de\\\/kontakt\\\/#breadcrumb\"},\"inLanguage\":\"en-GB\",\"potentialAction\":[{\"@type\":\"ReadAction\",\"target\":[\"https:\\\/\\\/psychologie-talens.de\\\/kontakt\\\/\"]}]},{\"@type\":\"BreadcrumbList\",\"@id\":\"https:\\\/\\\/psychologie-talens.de\\\/kontakt\\\/#breadcrumb\",\"itemListElement\":[{\"@type\":\"ListItem\",\"position\":1,\"name\":\"Home\",\"item\":\"https:\\\/\\\/psychologie-talens.de\\\/\"},{\"@type\":\"ListItem\",\"position\":2,\"name\":\"Kontakt\"}]},{\"@type\":\"WebSite\",\"@id\":\"https:\\\/\\\/psychologie-talens.de\\\/#website\",\"url\":\"https:\\\/\\\/psychologie-talens.de\\\/\",\"name\":\"https:\\\/\\\/psychologie-talens.de\\\/\",\"description\":\"Individuelle Psychologische Beratung\",\"publisher\":{\"@id\":\"https:\\\/\\\/psychologie-talens.de\\\/#organization\"},\"potentialAction\":[{\"@type\":\"SearchAction\",\"target\":{\"@type\":\"EntryPoint\",\"urlTemplate\":\"https:\\\/\\\/psychologie-talens.de\\\/?s={search_term_string}\"},\"query-input\":{\"@type\":\"PropertyValueSpecification\",\"valueRequired\":true,\"valueName\":\"search_term_string\"}}],\"inLanguage\":\"en-GB\"},{\"@type\":\"Organization\",\"@id\":\"https:\\\/\\\/psychologie-talens.de\\\/#organization\",\"name\":\"Kimberly Talens - Psychologin\",\"alternateName\":\"Kimberly Talens\",\"url\":\"https:\\\/\\\/psychologie-talens.de\\\/\",\"logo\":{\"@type\":\"ImageObject\",\"inLanguage\":\"en-GB\",\"@id\":\"https:\\\/\\\/psychologie-talens.de\\\/#\\\/schema\\\/logo\\\/image\\\/\",\"url\":\"https:\\/\\/psychologie-talens.de\\/wp-content\\/uploads\\/2024\\/05\\/cropped-Schwarz-Grau-Modern-Elegant-Typografie-Initialen-Coach-Logo-1.png\",\"contentUrl\":\"https:\\/\\/psychologie-talens.de\\/wp-content\\/uploads\\/2024\\/05\\/cropped-Schwarz-Grau-Modern-Elegant-Typografie-Initialen-Coach-Logo-1.png\",\"width\":200,\"height\":176,\"caption\":\"Kimberly Talens - Psychologin\"},\"image\":{\"@id\":\"https:\\\/\\\/psychologie-talens.de\\\/#\\\/schema\\\/logo\\\/image\\\/\"}}]}<\/script>\n<!-- \/ Yoast SEO plugin. -->","yoast_head_json":{"title":"Kontakt \u2013 Psychologische Praxis M\u00fcnchen | Kimberly Talens","description":"Kontaktieren Sie die psychologische Praxis von Kimberly Talens in M\u00fcnchen. Terminvereinbarung f\u00fcr Psychotherapie & Beratung.","robots":{"index":"index","follow":"follow","max-snippet":"max-snippet:-1","max-image-preview":"max-image-preview:large","max-video-preview":"max-video-preview:-1"},"canonical":"https:\/\/psychologie-talens.de\/en\/kontakt\/","og_locale":"en_GB","og_type":"article","og_title":"Kontakt \u2013 Psychologische Praxis M\u00fcnchen | Kimberly Talens","og_description":"Kontaktieren Sie die psychologische Praxis von Kimberly Talens in M\u00fcnchen. Terminvereinbarung f\u00fcr Psychotherapie & Beratung.","og_url":"https:\/\/psychologie-talens.de\/en\/kontakt\/","og_site_name":"Psychologie","article_modified_time":"2025-12-19T13:21:43+00:00","og_image":[{"width":2560,"height":1920,"url":"https:\/\/mlf7ff3lpvrg.i.optimole.com\/w:auto\/h:auto\/q:mauto\/ig:avif\/https:\/\/psychologie-talens.de\/wp-content\/uploads\/2024\/05\/20220922_161232-scaled.jpg","type":"image\/jpeg"}],"twitter_card":"summary_large_image","twitter_misc":{"Estimated reading time":"1 minute"},"schema":{"@context":"https:\/\/schema.org","@graph":[{"@type":"WebPage","@id":"https:\/\/psychologie-talens.de\/kontakt\/","url":"https:\/\/psychologie-talens.de\/kontakt\/","name":"Kontakt \u2013 Psychologische Praxis M\u00fcnchen | Kimberly Talens","isPartOf":{"@id":"https:\/\/psychologie-talens.de\/#website"},"datePublished":"2024-05-11T12:53:58+00:00","dateModified":"2025-12-19T13:21:43+00:00","description":"Kontaktieren Sie die psychologische Praxis von Kimberly Talens in M\u00fcnchen. Terminvereinbarung f\u00fcr Psychotherapie & Beratung.","breadcrumb":{"@id":"https:\/\/psychologie-talens.de\/kontakt\/#breadcrumb"},"inLanguage":"en-GB","potentialAction":[{"@type":"ReadAction","target":["https:\/\/psychologie-talens.de\/kontakt\/"]}]},{"@type":"BreadcrumbList","@id":"https:\/\/psychologie-talens.de\/kontakt\/#breadcrumb","itemListElement":[{"@type":"ListItem","position":1,"name":"Home","item":"https:\/\/psychologie-talens.de\/"},{"@type":"ListItem","position":2,"name":"Kontakt"}]},{"@type":"WebSite","@id":"https:\/\/psychologie-talens.de\/#website","url":"https:\/\/psychologie-talens.de\/","name":"https:\/\/psychologie-talens.de\/","description":"Individuelle Psychologische Beratung","publisher":{"@id":"https:\/\/psychologie-talens.de\/#organization"},"potentialAction":[{"@type":"SearchAction","target":{"@type":"EntryPoint","urlTemplate":"https:\/\/psychologie-talens.de\/?s={search_term_string}"},"query-input":{"@type":"PropertyValueSpecification","valueRequired":true,"valueName":"search_term_string"}}],"inLanguage":"en-GB"},{"@type":"Organization","@id":"https:\/\/psychologie-talens.de\/#organization","name":"Kimberly Talens - Psychologin","alternateName":"Kimberly Talens","url":"https:\/\/psychologie-talens.de\/","logo":{"@type":"ImageObject","inLanguage":"en-GB","@id":"https:\/\/psychologie-talens.de\/#\/schema\/logo\/image\/","url":"https:\/\/mlf7ff3lpvrg.i.optimole.com\/w:auto\/h:auto\/q:mauto\/ig:avif\/https:\/\/psychologie-talens.de\/wp-content\/uploads\/2024\/05\/cropped-Schwarz-Grau-Modern-Elegant-Typografie-Initialen-Coach-Logo-1.png","contentUrl":"https:\/\/mlf7ff3lpvrg.i.optimole.com\/w:auto\/h:auto\/q:mauto\/ig:avif\/https:\/\/psychologie-talens.de\/wp-content\/uploads\/2024\/05\/cropped-Schwarz-Grau-Modern-Elegant-Typografie-Initialen-Coach-Logo-1.png","width":200,"height":176,"caption":"Kimberly Talens - Psychologin"},"image":{"@id":"https:\/\/psychologie-talens.de\/#\/schema\/logo\/image\/"}}]}},"jetpack_sharing_enabled":true,"ticketed":false,"_links":{"self":[{"href":"https:\/\/psychologie-talens.de\/en\/wp-json\/wp\/v2\/pages\/85","targetHints":{"allow":["GET"]}}],"collection":[{"href":"https:\/\/psychologie-talens.de\/en\/wp-json\/wp\/v2\/pages"}],"about":[{"href":"https:\/\/psychologie-talens.de\/en\/wp-json\/wp\/v2\/types\/page"}],"author":[{"embeddable":true,"href":"https:\/\/psychologie-talens.de\/en\/wp-json\/wp\/v2\/users\/1"}],"replies":[{"embeddable":true,"href":"https:\/\/psychologie-talens.de\/en\/wp-json\/wp\/v2\/comments?post=85"}],"version-history":[{"count":0,"href":"https:\/\/psychologie-talens.de\/en\/wp-json\/wp\/v2\/pages\/85\/revisions"}],"wp:attachment":[{"href":"https:\/\/psychologie-talens.de\/en\/wp-json\/wp\/v2\/media?parent=85"}],"curies":[{"name":"wp","href":"https:\/\/api.w.org\/{rel}","templated":true}]}}